{"id":2487,"date":"2020-12-08T15:48:02","date_gmt":"2020-12-08T15:48:02","guid":{"rendered":"http:\/\/www.navores.hr\/?page_id=2487"},"modified":"2020-12-21T00:00:17","modified_gmt":"2020-12-21T00:00:17","slug":"kayaking","status":"publish","type":"page","link":"https:\/\/www.navores.hr\/en\/activities\/kayaking\/","title":{"rendered":"Kayaking"},"content":{"rendered":"<h1>Kayaking<\/h1>\n<h2>What to expect?<\/h2>\n<p>Very few activities offer a wide range of experiences like kayaking. Whether you want an active experience like a water slide in amusement parks or you want peace and enjoyment in the moment.<\/p>\n<p>Enjoying nature<\/p>\n<p>Kayaking definitely offers you a better opportunity to get closer and interact with nature compared to many other activities. You can see beautiful panoramas and enjoy the landscapes that only a very small percentage of people experience.<\/p>\n<p>Hanging out with family and friends<\/p>\n<p>Whether you want to socialize, have fun or compete, kayaking is a great activity for you. While kayaking with family and company, you will create special memories that you will remember forever.<\/p>\n<p>Kayaking relieves stress<\/p>\n<p>Ubla\u017eivanje stresa jedna je od najpoznatijih beneficija kajakiranja. Istra\u017eivanje o beneficijama kajakiranja Leanne Fines i Dough Nicholas-a dokazalo je da osim ubla\u017eavanja stresa, kajakiranje ima vi\u0161e emocionalnih i mentalnih koristi.<\/p>\n<p>Excellent exercise<\/p>\n<p>Very few other outdoor activities offer this level of full body exercise along with enhanced upper body exercise. According to scientific research, kayaking for one hour can burn up to 500 calories, which is very good for losing weight and gaining fitness.<\/p>\n<p><a href=\"https:\/\/www.navores.hr\/wp-content\/uploads\/2020\/11\/Cetina.jpg\" data-elementor-open-lightbox=\"yes\" data-elementor-lightbox-slideshow=\"28618658\" data-elementor-lightbox-title=\"Cetina\"><br \/>\n<\/a><br \/>\n<a href=\"https:\/\/www.navores.hr\/wp-content\/uploads\/2020\/11\/Kajakiranje-2.jpg\" data-elementor-open-lightbox=\"yes\" data-elementor-lightbox-slideshow=\"28618658\" data-elementor-lightbox-title=\"Kajakiranje 2\"><br \/>\n<\/a><br \/>\nPrevious<br \/>\nNext<\/p>\n<h2>Other activities<\/h2>\n<h3>\n\t\t\t\t\tFishing<\/h3>\n<h3>\n\t\t\t\t\tSailing<\/h3>\n<h3>\n\t\t\t\t\tParasailing<\/h3>\n<h3>\n\t\t\t\t\tPedal boat ride<\/h3>\n<p><a role=\"button\"><br \/>\nAll activities<br \/>\n<\/a><\/p>\n","protected":false},"excerpt":{"rendered":"<p>Kayaking What to expect? Very few activities offer a wide range of experiences like kayaking. Whether you want an active experience like a water slide in amusement parks or you want peace and enjoyment in the moment. Enjoying nature Kayaking definitely offers you a better opportunity to get closer and interact with nature compared to [&hellip;]<\/p>\n","protected":false},"author":1,"featured_media":2378,"parent":2473,"menu_order":0,"comment_status":"closed","ping_status":"closed","template":"","meta":[],"yoast_head":"<!-- This site is optimized with the Yoast SEO Premium plugin v18.1 (Yoast SEO v18.2) - https:\/\/yoast.com\/wordpress\/plugins\/seo\/ -->\n<title>Kayaking &ndash; Kamp Dole<\/title>\n<meta name=\"description\" content=\"Visit us and find out the best reasons to try kayaking.\" \/>\n<meta name=\"robots\" content=\"index, follow, max-snippet:-1, max-image-preview:large, max-video-preview:-1\" \/>\n<link rel=\"canonical\" href=\"https:\/\/www.navores.hr\/en\/activities\/kayaking\/\" \/>\n<meta property=\"og:locale\" content=\"en_US\" \/>\n<meta property=\"og:type\" content=\"article\" \/>\n<meta property=\"og:title\" content=\"Kayaking\" \/>\n<meta property=\"og:description\" content=\"Kayaking What to expect? Very few activities offer a wide range of experiences like kayaking. Whether you want an active experience like a water slide in\" \/>\n<meta property=\"og:url\" content=\"https:\/\/www.navores.hr\/en\/activities\/kayaking\/\" \/>\n<meta property=\"og:site_name\" content=\"Kamp Dole\" \/>\n<meta property=\"article:publisher\" content=\"https:\/\/www.facebook.com\/campdolenavores\/\" \/>\n<meta property=\"article:modified_time\" content=\"2020-12-21T00:00:17+00:00\" \/>\n<meta property=\"og:image\" content=\"https:\/\/www.navores.hr\/wp-content\/uploads\/2020\/11\/Kajakiranje.jpg\" \/>\n\t<meta property=\"og:image:width\" content=\"1920\" \/>\n\t<meta property=\"og:image:height\" content=\"1080\" \/>\n\t<meta property=\"og:image:type\" content=\"image\/jpeg\" \/>\n<meta name=\"twitter:card\" content=\"summary_large_image\" \/>\n<meta name=\"twitter:label1\" content=\"Est. reading time\" \/>\n\t<meta name=\"twitter:data1\" content=\"1 minute\" \/>\n<script type=\"application\/ld+json\" class=\"yoast-schema-graph\">{\"@context\":\"https:\/\/schema.org\",\"@graph\":[{\"@type\":\"Organization\",\"@id\":\"https:\/\/www.navores.hr\/#organization\",\"name\":\"Camp Dole - Navores camping\",\"url\":\"https:\/\/www.navores.hr\/\",\"sameAs\":[\"https:\/\/www.facebook.com\/campdolenavores\/\",\"https:\/\/www.instagram.com\/campdolenavores\/\"],\"logo\":{\"@type\":\"ImageObject\",\"@id\":\"https:\/\/www.navores.hr\/#logo\",\"inLanguage\":\"en-US\",\"url\":\"https:\/\/www.navores.hr\/wp-content\/uploads\/2020\/12\/Logo-Dark-NAVORES-CAMPING-CAMP-DOLE.png\",\"contentUrl\":\"https:\/\/www.navores.hr\/wp-content\/uploads\/2020\/12\/Logo-Dark-NAVORES-CAMPING-CAMP-DOLE.png\",\"width\":412,\"height\":210,\"caption\":\"Camp Dole - Navores camping\"},\"image\":{\"@id\":\"https:\/\/www.navores.hr\/#logo\"}},{\"@type\":\"WebSite\",\"@id\":\"https:\/\/www.navores.hr\/#website\",\"url\":\"https:\/\/www.navores.hr\/\",\"name\":\"Kamp Dole\",\"description\":\"Odmor kakav zaslu\u017eujete\",\"publisher\":{\"@id\":\"https:\/\/www.navores.hr\/#organization\"},\"potentialAction\":[{\"@type\":\"SearchAction\",\"target\":{\"@type\":\"EntryPoint\",\"urlTemplate\":\"https:\/\/www.navores.hr\/?s={search_term_string}\"},\"query-input\":\"required name=search_term_string\"}],\"inLanguage\":\"en-US\"},{\"@type\":\"ImageObject\",\"@id\":\"https:\/\/www.navores.hr\/en\/activities\/kayaking\/#primaryimage\",\"inLanguage\":\"en-US\",\"url\":\"https:\/\/www.navores.hr\/wp-content\/uploads\/2020\/11\/Kajakiranje.jpg\",\"contentUrl\":\"https:\/\/www.navores.hr\/wp-content\/uploads\/2020\/11\/Kajakiranje.jpg\",\"width\":1920,\"height\":1080},{\"@type\":\"WebPage\",\"@id\":\"https:\/\/www.navores.hr\/en\/activities\/kayaking\/#webpage\",\"url\":\"https:\/\/www.navores.hr\/en\/activities\/kayaking\/\",\"name\":\"Kayaking &ndash; Kamp Dole\",\"isPartOf\":{\"@id\":\"https:\/\/www.navores.hr\/#website\"},\"primaryImageOfPage\":{\"@id\":\"https:\/\/www.navores.hr\/en\/activities\/kayaking\/#primaryimage\"},\"datePublished\":\"2020-12-08T15:48:02+00:00\",\"dateModified\":\"2020-12-21T00:00:17+00:00\",\"description\":\"Visit us and find out the best reasons to try kayaking.\",\"breadcrumb\":{\"@id\":\"https:\/\/www.navores.hr\/en\/activities\/kayaking\/#breadcrumb\"},\"inLanguage\":\"en-US\",\"potentialAction\":[{\"@type\":\"ReadAction\",\"target\":[\"https:\/\/www.navores.hr\/en\/activities\/kayaking\/\"]}]},{\"@type\":\"BreadcrumbList\",\"@id\":\"https:\/\/www.navores.hr\/en\/activities\/kayaking\/#breadcrumb\",\"itemListElement\":[{\"@type\":\"ListItem\",\"position\":1,\"name\":\"Home\",\"item\":\"https:\/\/www.navores.hr\/en\/\"},{\"@type\":\"ListItem\",\"position\":2,\"name\":\"Activities\",\"item\":\"https:\/\/www.navores.hr\/en\/activities\/\"},{\"@type\":\"ListItem\",\"position\":3,\"name\":\"Kayaking\"}]}]}<\/script>\n<!-- \/ Yoast SEO Premium plugin. -->","yoast_head_json":{"title":"Kayaking &ndash; Kamp Dole","description":"Visit us and find out the best reasons to try kayaking.","robots":{"index":"index","follow":"follow","max-snippet":"max-snippet:-1","max-image-preview":"max-image-preview:large","max-video-preview":"max-video-preview:-1"},"canonical":"https:\/\/www.navores.hr\/en\/activities\/kayaking\/","og_locale":"en_US","og_type":"article","og_title":"Kayaking","og_description":"Kayaking What to expect? Very few activities offer a wide range of experiences like kayaking. Whether you want an active experience like a water slide in","og_url":"https:\/\/www.navores.hr\/en\/activities\/kayaking\/","og_site_name":"Kamp Dole","article_publisher":"https:\/\/www.facebook.com\/campdolenavores\/","article_modified_time":"2020-12-21T00:00:17+00:00","og_image":[{"width":1920,"height":1080,"url":"https:\/\/www.navores.hr\/wp-content\/uploads\/2020\/11\/Kajakiranje.jpg","type":"image\/jpeg"}],"twitter_card":"summary_large_image","twitter_misc":{"Est. reading time":"1 minute"},"schema":{"@context":"https:\/\/schema.org","@graph":[{"@type":"Organization","@id":"https:\/\/www.navores.hr\/#organization","name":"Camp Dole - Navores camping","url":"https:\/\/www.navores.hr\/","sameAs":["https:\/\/www.facebook.com\/campdolenavores\/","https:\/\/www.instagram.com\/campdolenavores\/"],"logo":{"@type":"ImageObject","@id":"https:\/\/www.navores.hr\/#logo","inLanguage":"en-US","url":"https:\/\/www.navores.hr\/wp-content\/uploads\/2020\/12\/Logo-Dark-NAVORES-CAMPING-CAMP-DOLE.png","contentUrl":"https:\/\/www.navores.hr\/wp-content\/uploads\/2020\/12\/Logo-Dark-NAVORES-CAMPING-CAMP-DOLE.png","width":412,"height":210,"caption":"Camp Dole - Navores camping"},"image":{"@id":"https:\/\/www.navores.hr\/#logo"}},{"@type":"WebSite","@id":"https:\/\/www.navores.hr\/#website","url":"https:\/\/www.navores.hr\/","name":"Kamp Dole","description":"Odmor kakav zaslu\u017eujete","publisher":{"@id":"https:\/\/www.navores.hr\/#organization"},"potentialAction":[{"@type":"SearchAction","target":{"@type":"EntryPoint","urlTemplate":"https:\/\/www.navores.hr\/?s={search_term_string}"},"query-input":"required name=search_term_string"}],"inLanguage":"en-US"},{"@type":"ImageObject","@id":"https:\/\/www.navores.hr\/en\/activities\/kayaking\/#primaryimage","inLanguage":"en-US","url":"https:\/\/www.navores.hr\/wp-content\/uploads\/2020\/11\/Kajakiranje.jpg","contentUrl":"https:\/\/www.navores.hr\/wp-content\/uploads\/2020\/11\/Kajakiranje.jpg","width":1920,"height":1080},{"@type":"WebPage","@id":"https:\/\/www.navores.hr\/en\/activities\/kayaking\/#webpage","url":"https:\/\/www.navores.hr\/en\/activities\/kayaking\/","name":"Kayaking &ndash; Kamp Dole","isPartOf":{"@id":"https:\/\/www.navores.hr\/#website"},"primaryImageOfPage":{"@id":"https:\/\/www.navores.hr\/en\/activities\/kayaking\/#primaryimage"},"datePublished":"2020-12-08T15:48:02+00:00","dateModified":"2020-12-21T00:00:17+00:00","description":"Visit us and find out the best reasons to try kayaking.","breadcrumb":{"@id":"https:\/\/www.navores.hr\/en\/activities\/kayaking\/#breadcrumb"},"inLanguage":"en-US","potentialAction":[{"@type":"ReadAction","target":["https:\/\/www.navores.hr\/en\/activities\/kayaking\/"]}]},{"@type":"BreadcrumbList","@id":"https:\/\/www.navores.hr\/en\/activities\/kayaking\/#breadcrumb","itemListElement":[{"@type":"ListItem","position":1,"name":"Home","item":"https:\/\/www.navores.hr\/en\/"},{"@type":"ListItem","position":2,"name":"Activities","item":"https:\/\/www.navores.hr\/en\/activities\/"},{"@type":"ListItem","position":3,"name":"Kayaking"}]}]}},"acf":[],"_links":{"self":[{"href":"https:\/\/www.navores.hr\/en\/wp-json\/wp\/v2\/pages\/2487"}],"collection":[{"href":"https:\/\/www.navores.hr\/en\/wp-json\/wp\/v2\/pages"}],"about":[{"href":"https:\/\/www.navores.hr\/en\/wp-json\/wp\/v2\/types\/page"}],"author":[{"embeddable":true,"href":"https:\/\/www.navores.hr\/en\/wp-json\/wp\/v2\/users\/1"}],"replies":[{"embeddable":true,"href":"https:\/\/www.navores.hr\/en\/wp-json\/wp\/v2\/comments?post=2487"}],"version-history":[{"count":4,"href":"https:\/\/www.navores.hr\/en\/wp-json\/wp\/v2\/pages\/2487\/revisions"}],"predecessor-version":[{"id":3099,"href":"https:\/\/www.navores.hr\/en\/wp-json\/wp\/v2\/pages\/2487\/revisions\/3099"}],"up":[{"embeddable":true,"href":"https:\/\/www.navores.hr\/en\/wp-json\/wp\/v2\/pages\/2473"}],"wp:featuredmedia":[{"embeddable":true,"href":"https:\/\/www.navores.hr\/en\/wp-json\/wp\/v2\/media\/2378"}],"wp:attachment":[{"href":"https:\/\/www.navores.hr\/en\/wp-json\/wp\/v2\/media?parent=2487"}],"curies":[{"name":"wp","href":"https:\/\/api.w.org\/{rel}","templated":true}]}}