{"id":2522,"date":"2020-12-08T16:55:29","date_gmt":"2020-12-08T16:55:29","guid":{"rendered":"http:\/\/www.navores.hr\/?page_id=2522"},"modified":"2021-01-10T19:42:15","modified_gmt":"2021-01-10T19:42:15","slug":"contact","status":"publish","type":"page","link":"https:\/\/www.navores.hr\/en\/contact\/","title":{"rendered":"Contact"},"content":{"rendered":"\t\t<div data-elementor-type=\"wp-page\" data-elementor-id=\"2522\" data-post-id=\"2522\" data-obj-id=\"2522\" class=\"elementor elementor-2522 dce-elementor-post-2522 elementor-314\" data-elementor-settings=\"[]\">\n\t\t\t\t\t\t<div class=\"elementor-inner\">\n\t\t\t\t\t\t\t<div class=\"elementor-section-wrap\">\n\t\t\t\t\t\t\t<section data-dce-background-overlay-color=\"#000000\" data-dce-background-image-url=\"https:\/\/www.navores.hr\/wp-content\/uploads\/2020\/12\/Navores-Camping-Kontakt.jpg\" class=\"elementor-section elementor-top-section elementor-element elementor-element-524d46da elementor-section-boxed elementor-section-height-default elementor-section-height-default\" data-id=\"524d46da\" data-element_type=\"section\" data-settings=\"{&quot;background_background&quot;:&quot;classic&quot;}\">\n\t\t\t\t\t\t\t<div class=\"elementor-background-overlay\"><\/div>\n\t\t\t\t\t\t\t<div class=\"elementor-container elementor-column-gap-default\">\n\t\t\t\t\t\t\t<div class=\"elementor-row\">\n\t\t\t\t\t<div class=\"elementor-column elementor-col-100 elementor-top-column elementor-element elementor-element-4c7dc781\" data-id=\"4c7dc781\" data-element_type=\"column\">\n\t\t\t<div class=\"elementor-column-wrap elementor-element-populated\">\n\t\t\t\t\t\t\t<div class=\"elementor-widget-wrap\">\n\t\t\t\t\t\t<div class=\"elementor-element elementor-element-58eae911 elementor-widget elementor-widget-heading\" data-id=\"58eae911\" data-element_type=\"widget\" data-widget_type=\"heading.default\">\n\t\t\t\t<div class=\"elementor-widget-container\">\n\t\t\t<h1 class=\"elementor-heading-title elementor-size-default\">Contact<\/h1>\t\t<\/div>\n\t\t\t\t<\/div>\n\t\t\t\t\t\t<\/div>\n\t\t\t\t\t<\/div>\n\t\t<\/div>\n\t\t\t\t\t\t\t\t<\/div>\n\t\t\t\t\t<\/div>\n\t\t<\/section>\n\t\t\t\t<section class=\"elementor-section elementor-top-section elementor-element elementor-element-7892cb89 elementor-section-boxed elementor-section-height-default elementor-section-height-default\" data-id=\"7892cb89\" data-element_type=\"section\">\n\t\t\t\t\t\t<div class=\"elementor-container elementor-column-gap-default\">\n\t\t\t\t\t\t\t<div class=\"elementor-row\">\n\t\t\t\t\t<div class=\"elementor-column elementor-col-66 elementor-top-column elementor-element elementor-element-42fc1aa6\" data-id=\"42fc1aa6\" data-element_type=\"column\">\n\t\t\t<div class=\"elementor-column-wrap elementor-element-populated\">\n\t\t\t\t\t\t\t<div class=\"elementor-widget-wrap\">\n\t\t\t\t\t\t<div class=\"elementor-element elementor-element-536e302 animated-slow elementor-invisible elementor-widget elementor-widget-heading\" data-id=\"536e302\" data-element_type=\"widget\" data-settings=\"{&quot;_animation&quot;:&quot;fadeInDown&quot;}\" data-widget_type=\"heading.default\">\n\t\t\t\t<div class=\"elementor-widget-container\">\n\t\t\t<h1 class=\"elementor-heading-title elementor-size-default\">Drop us message for any query<\/h1>\t\t<\/div>\n\t\t\t\t<\/div>\n\t\t\t\t<div class=\"elementor-element elementor-element-0c92bbf elementor-widget-divider--view-line elementor-invisible elementor-widget elementor-widget-divider\" data-id=\"0c92bbf\" data-element_type=\"widget\" data-settings=\"{&quot;_animation&quot;:&quot;fadeInLeft&quot;}\" data-widget_type=\"divider.default\">\n\t\t\t\t<div class=\"elementor-widget-container\">\n\t\t\t\t\t<div class=\"elementor-divider\">\n\t\t\t<span class=\"elementor-divider-separator\">\n\t\t\t\t\t\t<\/span>\n\t\t<\/div>\n\t\t\t\t<\/div>\n\t\t\t\t<\/div>\n\t\t\t\t<div class=\"elementor-element elementor-element-16cf7b55 animated-slow elementor-invisible elementor-widget elementor-widget-text-editor\" data-id=\"16cf7b55\" data-element_type=\"widget\" data-settings=\"{&quot;_animation&quot;:&quot;fadeInUp&quot;}\" data-widget_type=\"text-editor.default\">\n\t\t\t\t<div class=\"elementor-widget-container\">\n\t\t\t\t\t\t\t\t<div class=\"elementor-text-editor elementor-clearfix\">\n\t\t\t\t<p>Want more information? Send a message and we will contact you as soon as possible.<\/p>\t\t\t\t\t<\/div>\n\t\t\t\t\t\t<\/div>\n\t\t\t\t<\/div>\n\t\t\t\t<div class=\"elementor-element elementor-element-bc64316 elementor-button-align-start elementor-mobile-button-align-stretch animated-slow elementor-invisible elementor-widget elementor-widget-form\" data-id=\"bc64316\" data-element_type=\"widget\" data-settings=\"{&quot;step_next_label&quot;:&quot;Next&quot;,&quot;step_previous_label&quot;:&quot;Previous&quot;,&quot;_animation&quot;:&quot;fadeInUp&quot;,&quot;dce_confirm_dialog_enabled&quot;:&quot;no&quot;,&quot;step_type&quot;:&quot;number_text&quot;,&quot;step_icon_shape&quot;:&quot;circle&quot;}\" data-widget_type=\"form.default\">\n\t\t\t\t<div class=\"elementor-widget-container\">\n\t\t\t\t\t<form class=\"elementor-form\" method=\"post\" name=\"New Form\">\n\t\t\t<input type=\"hidden\" name=\"post_id\" value=\"2522\"\/>\n\t\t\t<input type=\"hidden\" name=\"form_id\" value=\"bc64316\"\/>\n\t\t\t<input type=\"hidden\" name=\"referer_title\" value=\"Kamp Dole\" \/>\n\n\t\t\t\n\t\t\t<div class=\"elementor-form-fields-wrapper elementor-labels-\">\n\t\t\t\t\t\t\t\t<div class=\"elementor-field-type-text elementor-field-group elementor-column elementor-field-group-name elementor-col-50\">\n\t\t\t\t\t\t\t\t\t\t\t\t<label for=\"form-field-name\" class=\"elementor-field-label elementor-screen-only\">\n\t\t\t\t\t\t\t\tIme\t\t\t\t\t\t\t<\/label>\n\t\t\t\t\t\t\t\t\t\t\t\t\t\t<input size=\"1\" type=\"text\" name=\"form_fields[name]\" id=\"form-field-name\" class=\"elementor-field elementor-size-md  elementor-field-textual\" placeholder=\"Name and surname\">\n\t\t\t\t\t\t\t\t\t\t\t<\/div>\n\t\t\t\t\t\t\t\t<div class=\"elementor-field-type-email elementor-field-group elementor-column elementor-field-group-email elementor-col-50 elementor-field-required\">\n\t\t\t\t\t\t\t\t\t\t\t\t<label for=\"form-field-email\" class=\"elementor-field-label elementor-screen-only\">\n\t\t\t\t\t\t\t\tEmail\t\t\t\t\t\t\t<\/label>\n\t\t\t\t\t\t\t\t\t\t\t\t\t\t<input size=\"1\" type=\"email\" name=\"form_fields[email]\" id=\"form-field-email\" class=\"elementor-field elementor-size-md  elementor-field-textual\" placeholder=\"Email\" required=\"required\" aria-required=\"true\">\n\t\t\t\t\t\t\t\t\t\t\t<\/div>\n\t\t\t\t\t\t\t\t<div class=\"elementor-field-type-tel elementor-field-group elementor-column elementor-field-group-field_8824f26 elementor-col-50 elementor-field-required\">\n\t\t\t\t\t\t\t\t\t\t\t\t<label for=\"form-field-field_8824f26\" class=\"elementor-field-label elementor-screen-only\">\n\t\t\t\t\t\t\t\tBroj mobitela\t\t\t\t\t\t\t<\/label>\n\t\t\t\t\t\t\t\t<input size=\"1\" type=\"tel\" name=\"form_fields[field_8824f26]\" id=\"form-field-field_8824f26\" class=\"elementor-field elementor-size-md  elementor-field-textual\" placeholder=\"Phone number\" required=\"required\" aria-required=\"true\" pattern=\"[0-9()#&amp;+*-=.]+\" title=\"Only numbers and phone characters (#, -, *, etc) are accepted.\">\n\n\t\t\t\t\t\t<\/div>\n\t\t\t\t\t\t\t\t<div class=\"elementor-field-type-text elementor-field-group elementor-column elementor-field-group-field_a5292aa elementor-col-50\">\n\t\t\t\t\t\t\t\t\t\t\t\t<label for=\"form-field-field_a5292aa\" class=\"elementor-field-label elementor-screen-only\">\n\t\t\t\t\t\t\t\tNaslov\t\t\t\t\t\t\t<\/label>\n\t\t\t\t\t\t\t\t\t\t\t\t\t\t<input size=\"1\" type=\"text\" name=\"form_fields[field_a5292aa]\" id=\"form-field-field_a5292aa\" class=\"elementor-field elementor-size-md  elementor-field-textual\" placeholder=\"Subject\">\n\t\t\t\t\t\t\t\t\t\t\t<\/div>\n\t\t\t\t\t\t\t\t<div class=\"elementor-field-type-textarea elementor-field-group elementor-column elementor-field-group-message elementor-col-100\">\n\t\t\t\t\t\t\t\t\t\t\t\t<label for=\"form-field-message\" class=\"elementor-field-label elementor-screen-only\">\n\t\t\t\t\t\t\t\tPoruka\t\t\t\t\t\t\t<\/label>\n\t\t\t\t\t\t<textarea class=\"elementor-field-textual elementor-field  elementor-size-md\" name=\"form_fields[message]\" id=\"form-field-message\" rows=\"4\" placeholder=\"Your message\"><\/textarea>\t\t\t\t<\/div>\n\t\t\t\t\t\t\t\t<div class=\"elementor-field-group elementor-column elementor-field-type-submit elementor-col-100 e-form__buttons\">\n\t\t\t\t\t<button type=\"submit\" class=\"elementor-button elementor-size-md\">\n\t\t\t\t\t\t<span >\n\t\t\t\t\t\t\t\t\t\t\t\t\t\t\t<span class=\" elementor-button-icon\">\n\t\t\t\t\t\t\t\t\t\t\t\t\t\t\t\t\t\t\t\t\t\t\t\t\t\t<\/span>\n\t\t\t\t\t\t\t\t\t\t\t\t\t\t\t\t\t\t\t\t\t\t<span class=\"elementor-button-text\">Send<\/span>\n\t\t\t\t\t\t\t\t\t\t\t\t\t<\/span>\n\t\t\t\t\t<\/button>\n\t\t\t\t<\/div>\n\t\t\t<\/div>\n\t\t<\/form>\n\t\t\t\t<\/div>\n\t\t\t\t<\/div>\n\t\t\t\t\t\t<\/div>\n\t\t\t\t\t<\/div>\n\t\t<\/div>\n\t\t\t\t<div data-dce-background-color=\"#FFFFFF\" class=\"elementor-column elementor-col-33 elementor-top-column elementor-element elementor-element-65675906 animated-slow elementor-invisible\" data-id=\"65675906\" data-element_type=\"column\" data-settings=\"{&quot;background_background&quot;:&quot;classic&quot;,&quot;animation&quot;:&quot;fadeInRight&quot;}\">\n\t\t\t<div class=\"elementor-column-wrap elementor-element-populated\">\n\t\t\t\t\t\t\t<div class=\"elementor-widget-wrap\">\n\t\t\t\t\t\t<div class=\"elementor-element elementor-element-318d2ef8 elementor-widget elementor-widget-heading\" data-id=\"318d2ef8\" data-element_type=\"widget\" data-widget_type=\"heading.default\">\n\t\t\t\t<div class=\"elementor-widget-container\">\n\t\t\t<h2 class=\"elementor-heading-title elementor-size-default\">Navores Camping<\/h2>\t\t<\/div>\n\t\t\t\t<\/div>\n\t\t\t\t<div class=\"elementor-element elementor-element-46e3b51 animated-slow elementor-widget-divider--view-line elementor-invisible elementor-widget elementor-widget-divider\" data-id=\"46e3b51\" data-element_type=\"widget\" data-settings=\"{&quot;_animation&quot;:&quot;fadeInRight&quot;}\" data-widget_type=\"divider.default\">\n\t\t\t\t<div class=\"elementor-widget-container\">\n\t\t\t\t\t<div class=\"elementor-divider\">\n\t\t\t<span class=\"elementor-divider-separator\">\n\t\t\t\t\t\t<\/span>\n\t\t<\/div>\n\t\t\t\t<\/div>\n\t\t\t\t<\/div>\n\t\t\t\t<div class=\"elementor-element elementor-element-2696958b elementor-mobile-align-center elementor-icon-list--layout-traditional elementor-list-item-link-full_width elementor-widget elementor-widget-icon-list\" data-id=\"2696958b\" data-element_type=\"widget\" data-widget_type=\"icon-list.default\">\n\t\t\t\t<div class=\"elementor-widget-container\">\n\t\t\t\t\t<ul class=\"elementor-icon-list-items\">\n\t\t\t\t\t\t\t<li class=\"elementor-icon-list-item\">\n\t\t\t\t\t\t\t\t\t\t\t<a href=\"https:\/\/goo.gl\/maps\/9ujSwDkZZcbpUajYA\">\n\n\t\t\t\t\t\t\t\t\t\t\t\t<span class=\"elementor-icon-list-icon\">\n\t\t\t\t\t\t\t<i aria-hidden=\"true\" class=\"fas fa-map-marker-alt\"><\/i>\t\t\t\t\t\t<\/span>\n\t\t\t\t\t\t\t\t\t\t<span class=\"elementor-icon-list-text\">Kamp Dole, 21329 \u017divogo\u0161\u0107e<\/span>\n\t\t\t\t\t\t\t\t\t\t\t<\/a>\n\t\t\t\t\t\t\t\t\t<\/li>\n\t\t\t\t\t\t\t\t<li class=\"elementor-icon-list-item\">\n\t\t\t\t\t\t\t\t\t\t\t<a href=\"mailto:campingnavores@gmail.com\">\n\n\t\t\t\t\t\t\t\t\t\t\t\t<span class=\"elementor-icon-list-icon\">\n\t\t\t\t\t\t\t<i aria-hidden=\"true\" class=\"fas fa-envelope\"><\/i>\t\t\t\t\t\t<\/span>\n\t\t\t\t\t\t\t\t\t\t<span class=\"elementor-icon-list-text\">campingnavores@gmail.com<\/span>\n\t\t\t\t\t\t\t\t\t\t\t<\/a>\n\t\t\t\t\t\t\t\t\t<\/li>\n\t\t\t\t\t\t<\/ul>\n\t\t\t\t<\/div>\n\t\t\t\t<\/div>\n\t\t\t\t<div class=\"elementor-element elementor-element-59929751 elementor-widget elementor-widget-heading\" data-id=\"59929751\" data-element_type=\"widget\" data-widget_type=\"heading.default\">\n\t\t\t\t<div class=\"elementor-widget-container\">\n\t\t\t<h2 class=\"elementor-heading-title elementor-size-default\">Reception number:<\/h2>\t\t<\/div>\n\t\t\t\t<\/div>\n\t\t\t\t<div class=\"elementor-element elementor-element-448795c5 elementor-mobile-align-center elementor-icon-list--layout-traditional elementor-list-item-link-full_width elementor-widget elementor-widget-icon-list\" data-id=\"448795c5\" data-element_type=\"widget\" data-widget_type=\"icon-list.default\">\n\t\t\t\t<div class=\"elementor-widget-container\">\n\t\t\t\t\t<ul class=\"elementor-icon-list-items\">\n\t\t\t\t\t\t\t<li class=\"elementor-icon-list-item\">\n\t\t\t\t\t\t\t\t\t\t\t<a href=\"tel:0953551955\">\n\n\t\t\t\t\t\t\t\t\t\t\t\t<span class=\"elementor-icon-list-icon\">\n\t\t\t\t\t\t\t<i aria-hidden=\"true\" class=\"fas fa-phone-alt\"><\/i>\t\t\t\t\t\t<\/span>\n\t\t\t\t\t\t\t\t\t\t<span class=\"elementor-icon-list-text\">+385 95 355 1955<\/span>\n\t\t\t\t\t\t\t\t\t\t\t<\/a>\n\t\t\t\t\t\t\t\t\t<\/li>\n\t\t\t\t\t\t<\/ul>\n\t\t\t\t<\/div>\n\t\t\t\t<\/div>\n\t\t\t\t<div class=\"elementor-element elementor-element-6228d399 elementor-widget elementor-widget-text-editor\" data-id=\"6228d399\" data-element_type=\"widget\" data-widget_type=\"text-editor.default\">\n\t\t\t\t<div class=\"elementor-widget-container\">\n\t\t\t\t\t\t\t\t<div class=\"elementor-text-editor elementor-clearfix\">\n\t\t\t\t<p>Check in: 16:00 &#8211; 18:00h\u00a0<br \/>Check out: until 09:00h<\/p>\t\t\t\t\t<\/div>\n\t\t\t\t\t\t<\/div>\n\t\t\t\t<\/div>\n\t\t\t\t\t\t<\/div>\n\t\t\t\t\t<\/div>\n\t\t<\/div>\n\t\t\t\t\t\t\t\t<\/div>\n\t\t\t\t\t<\/div>\n\t\t<\/section>\n\t\t\t\t<section class=\"elementor-section elementor-top-section elementor-element elementor-element-50c68aea elementor-section-full_width elementor-section-height-default elementor-section-height-default\" data-id=\"50c68aea\" data-element_type=\"section\">\n\t\t\t\t\t\t<div class=\"elementor-container elementor-column-gap-no\">\n\t\t\t\t\t\t\t<div class=\"elementor-row\">\n\t\t\t\t\t<div data-dce-background-color=\"#F7F7F7\" class=\"elementor-column elementor-col-100 elementor-top-column elementor-element elementor-element-4be7d024\" data-id=\"4be7d024\" data-element_type=\"column\" data-settings=\"{&quot;background_background&quot;:&quot;classic&quot;}\">\n\t\t\t<div class=\"elementor-column-wrap elementor-element-populated\">\n\t\t\t\t\t\t\t<div class=\"elementor-widget-wrap\">\n\t\t\t\t\t\t<div class=\"elementor-element elementor-element-440efc8f elementor-widget elementor-widget-google_maps\" data-id=\"440efc8f\" data-element_type=\"widget\" data-widget_type=\"google_maps.default\">\n\t\t\t\t<div class=\"elementor-widget-container\">\n\t\t\t\t\t<div class=\"elementor-custom-embed\">\n\t\t\t<iframe frameborder=\"0\" scrolling=\"no\" marginheight=\"0\" marginwidth=\"0\"\n\t\t\t\t\tsrc=\"https:\/\/maps.google.com\/maps?q=Kamp%20dole%2C%20%C5%BDivogo%C5%A1%C4%87e&#038;t=m&#038;z=15&#038;output=embed&#038;iwloc=near\"\n\t\t\t\t\ttitle=\"Kamp dole, \u017divogo\u0161\u0107e\"\n\t\t\t\t\taria-label=\"Kamp dole, \u017divogo\u0161\u0107e\"\n\t\t\t><\/iframe>\n\t\t<\/div>\n\t\t\t\t<\/div>\n\t\t\t\t<\/div>\n\t\t\t\t\t\t<\/div>\n\t\t\t\t\t<\/div>\n\t\t<\/div>\n\t\t\t\t\t\t\t\t<\/div>\n\t\t\t\t\t<\/div>\n\t\t<\/section>\n\t\t\t\t\t\t<\/div>\n\t\t\t\t\t\t<\/div>\n\t\t\t\t\t<\/div>\n\t\t","protected":false},"excerpt":{"rendered":"<p>Contact Drop us message for any query Want more information? Send a message and we will contact you as soon as possible. Navores Camping Kamp Dole, 21329 \u017divogo\u0161\u0107e campingnavores@gmail.com Reception number: +385 95 355 1955 Check in: 16:00 &#8211; 18:00h\u00a0Check out: until 09:00h<\/p>\n","protected":false},"author":1,"featured_media":2445,"parent":0,"menu_order":0,"comment_status":"closed","ping_status":"closed","template":"","meta":[],"yoast_head":"<!-- This site is optimized with the Yoast SEO Premium plugin v18.1 (Yoast SEO v18.2) - https:\/\/yoast.com\/wordpress\/plugins\/seo\/ -->\n<title>Contact &ndash; Kamp Dole<\/title>\n<meta name=\"description\" content=\"Contact us for any additional inquiries, reservations or concerns. Your happy Navores team. - Camp Dole\" \/>\n<meta name=\"robots\" content=\"index, follow, max-snippet:-1, max-image-preview:large, max-video-preview:-1\" \/>\n<link rel=\"canonical\" href=\"https:\/\/www.navores.hr\/en\/contact\/\" \/>\n<meta property=\"og:locale\" content=\"en_US\" \/>\n<meta property=\"og:type\" content=\"article\" \/>\n<meta property=\"og:title\" content=\"Contact\" \/>\n<meta property=\"og:description\" content=\"Contact Drop us message for any query Want more information? Send a message and we will contact you as soon as possible. Navores Camping Kamp Dole, 21329\" \/>\n<meta property=\"og:url\" content=\"https:\/\/www.navores.hr\/en\/contact\/\" \/>\n<meta property=\"og:site_name\" content=\"Kamp Dole\" \/>\n<meta property=\"article:publisher\" content=\"https:\/\/www.facebook.com\/campdolenavores\/\" \/>\n<meta property=\"article:modified_time\" content=\"2021-01-10T19:42:15+00:00\" \/>\n<meta property=\"og:image\" content=\"https:\/\/www.navores.hr\/wp-content\/uploads\/2020\/12\/Mobilna-kucica-Relax-2.-zona-background.jpg\" \/>\n\t<meta property=\"og:image:width\" content=\"1920\" \/>\n\t<meta property=\"og:image:height\" content=\"732\" \/>\n\t<meta property=\"og:image:type\" content=\"image\/jpeg\" \/>\n<meta name=\"twitter:card\" content=\"summary_large_image\" \/>\n<script type=\"application\/ld+json\" class=\"yoast-schema-graph\">{\"@context\":\"https:\/\/schema.org\",\"@graph\":[{\"@type\":\"Organization\",\"@id\":\"https:\/\/www.navores.hr\/#organization\",\"name\":\"Camp Dole - Navores camping\",\"url\":\"https:\/\/www.navores.hr\/\",\"sameAs\":[\"https:\/\/www.facebook.com\/campdolenavores\/\",\"https:\/\/www.instagram.com\/campdolenavores\/\"],\"logo\":{\"@type\":\"ImageObject\",\"@id\":\"https:\/\/www.navores.hr\/#logo\",\"inLanguage\":\"en-US\",\"url\":\"https:\/\/www.navores.hr\/wp-content\/uploads\/2020\/12\/Logo-Dark-NAVORES-CAMPING-CAMP-DOLE.png\",\"contentUrl\":\"https:\/\/www.navores.hr\/wp-content\/uploads\/2020\/12\/Logo-Dark-NAVORES-CAMPING-CAMP-DOLE.png\",\"width\":412,\"height\":210,\"caption\":\"Camp Dole - Navores camping\"},\"image\":{\"@id\":\"https:\/\/www.navores.hr\/#logo\"}},{\"@type\":\"WebSite\",\"@id\":\"https:\/\/www.navores.hr\/#website\",\"url\":\"https:\/\/www.navores.hr\/\",\"name\":\"Kamp Dole\",\"description\":\"Odmor kakav zaslu\u017eujete\",\"publisher\":{\"@id\":\"https:\/\/www.navores.hr\/#organization\"},\"potentialAction\":[{\"@type\":\"SearchAction\",\"target\":{\"@type\":\"EntryPoint\",\"urlTemplate\":\"https:\/\/www.navores.hr\/?s={search_term_string}\"},\"query-input\":\"required name=search_term_string\"}],\"inLanguage\":\"en-US\"},{\"@type\":\"ImageObject\",\"@id\":\"https:\/\/www.navores.hr\/en\/contact\/#primaryimage\",\"inLanguage\":\"en-US\",\"url\":\"https:\/\/www.navores.hr\/wp-content\/uploads\/2020\/12\/Mobilna-kucica-Relax-2.-zona-background.jpg\",\"contentUrl\":\"https:\/\/www.navores.hr\/wp-content\/uploads\/2020\/12\/Mobilna-kucica-Relax-2.-zona-background.jpg\",\"width\":1920,\"height\":732},{\"@type\":\"WebPage\",\"@id\":\"https:\/\/www.navores.hr\/en\/contact\/#webpage\",\"url\":\"https:\/\/www.navores.hr\/en\/contact\/\",\"name\":\"Contact &ndash; Kamp Dole\",\"isPartOf\":{\"@id\":\"https:\/\/www.navores.hr\/#website\"},\"primaryImageOfPage\":{\"@id\":\"https:\/\/www.navores.hr\/en\/contact\/#primaryimage\"},\"datePublished\":\"2020-12-08T16:55:29+00:00\",\"dateModified\":\"2021-01-10T19:42:15+00:00\",\"description\":\"Contact us for any additional inquiries, reservations or concerns. Your happy Navores team. - Camp Dole\",\"breadcrumb\":{\"@id\":\"https:\/\/www.navores.hr\/en\/contact\/#breadcrumb\"},\"inLanguage\":\"en-US\",\"potentialAction\":[{\"@type\":\"ReadAction\",\"target\":[\"https:\/\/www.navores.hr\/en\/contact\/\"]}]},{\"@type\":\"BreadcrumbList\",\"@id\":\"https:\/\/www.navores.hr\/en\/contact\/#breadcrumb\",\"itemListElement\":[{\"@type\":\"ListItem\",\"position\":1,\"name\":\"Home\",\"item\":\"https:\/\/www.navores.hr\/en\/\"},{\"@type\":\"ListItem\",\"position\":2,\"name\":\"Contact\"}]}]}<\/script>\n<!-- \/ Yoast SEO Premium plugin. -->","yoast_head_json":{"title":"Contact &ndash; Kamp Dole","description":"Contact us for any additional inquiries, reservations or concerns. Your happy Navores team. - Camp Dole","robots":{"index":"index","follow":"follow","max-snippet":"max-snippet:-1","max-image-preview":"max-image-preview:large","max-video-preview":"max-video-preview:-1"},"canonical":"https:\/\/www.navores.hr\/en\/contact\/","og_locale":"en_US","og_type":"article","og_title":"Contact","og_description":"Contact Drop us message for any query Want more information? Send a message and we will contact you as soon as possible. Navores Camping Kamp Dole, 21329","og_url":"https:\/\/www.navores.hr\/en\/contact\/","og_site_name":"Kamp Dole","article_publisher":"https:\/\/www.facebook.com\/campdolenavores\/","article_modified_time":"2021-01-10T19:42:15+00:00","og_image":[{"width":1920,"height":732,"url":"https:\/\/www.navores.hr\/wp-content\/uploads\/2020\/12\/Mobilna-kucica-Relax-2.-zona-background.jpg","type":"image\/jpeg"}],"twitter_card":"summary_large_image","schema":{"@context":"https:\/\/schema.org","@graph":[{"@type":"Organization","@id":"https:\/\/www.navores.hr\/#organization","name":"Camp Dole - Navores camping","url":"https:\/\/www.navores.hr\/","sameAs":["https:\/\/www.facebook.com\/campdolenavores\/","https:\/\/www.instagram.com\/campdolenavores\/"],"logo":{"@type":"ImageObject","@id":"https:\/\/www.navores.hr\/#logo","inLanguage":"en-US","url":"https:\/\/www.navores.hr\/wp-content\/uploads\/2020\/12\/Logo-Dark-NAVORES-CAMPING-CAMP-DOLE.png","contentUrl":"https:\/\/www.navores.hr\/wp-content\/uploads\/2020\/12\/Logo-Dark-NAVORES-CAMPING-CAMP-DOLE.png","width":412,"height":210,"caption":"Camp Dole - Navores camping"},"image":{"@id":"https:\/\/www.navores.hr\/#logo"}},{"@type":"WebSite","@id":"https:\/\/www.navores.hr\/#website","url":"https:\/\/www.navores.hr\/","name":"Kamp Dole","description":"Odmor kakav zaslu\u017eujete","publisher":{"@id":"https:\/\/www.navores.hr\/#organization"},"potentialAction":[{"@type":"SearchAction","target":{"@type":"EntryPoint","urlTemplate":"https:\/\/www.navores.hr\/?s={search_term_string}"},"query-input":"required name=search_term_string"}],"inLanguage":"en-US"},{"@type":"ImageObject","@id":"https:\/\/www.navores.hr\/en\/contact\/#primaryimage","inLanguage":"en-US","url":"https:\/\/www.navores.hr\/wp-content\/uploads\/2020\/12\/Mobilna-kucica-Relax-2.-zona-background.jpg","contentUrl":"https:\/\/www.navores.hr\/wp-content\/uploads\/2020\/12\/Mobilna-kucica-Relax-2.-zona-background.jpg","width":1920,"height":732},{"@type":"WebPage","@id":"https:\/\/www.navores.hr\/en\/contact\/#webpage","url":"https:\/\/www.navores.hr\/en\/contact\/","name":"Contact &ndash; Kamp Dole","isPartOf":{"@id":"https:\/\/www.navores.hr\/#website"},"primaryImageOfPage":{"@id":"https:\/\/www.navores.hr\/en\/contact\/#primaryimage"},"datePublished":"2020-12-08T16:55:29+00:00","dateModified":"2021-01-10T19:42:15+00:00","description":"Contact us for any additional inquiries, reservations or concerns. Your happy Navores team. - Camp Dole","breadcrumb":{"@id":"https:\/\/www.navores.hr\/en\/contact\/#breadcrumb"},"inLanguage":"en-US","potentialAction":[{"@type":"ReadAction","target":["https:\/\/www.navores.hr\/en\/contact\/"]}]},{"@type":"BreadcrumbList","@id":"https:\/\/www.navores.hr\/en\/contact\/#breadcrumb","itemListElement":[{"@type":"ListItem","position":1,"name":"Home","item":"https:\/\/www.navores.hr\/en\/"},{"@type":"ListItem","position":2,"name":"Contact"}]}]}},"acf":[],"_links":{"self":[{"href":"https:\/\/www.navores.hr\/en\/wp-json\/wp\/v2\/pages\/2522"}],"collection":[{"href":"https:\/\/www.navores.hr\/en\/wp-json\/wp\/v2\/pages"}],"about":[{"href":"https:\/\/www.navores.hr\/en\/wp-json\/wp\/v2\/types\/page"}],"author":[{"embeddable":true,"href":"https:\/\/www.navores.hr\/en\/wp-json\/wp\/v2\/users\/1"}],"replies":[{"embeddable":true,"href":"https:\/\/www.navores.hr\/en\/wp-json\/wp\/v2\/comments?post=2522"}],"version-history":[{"count":5,"href":"https:\/\/www.navores.hr\/en\/wp-json\/wp\/v2\/pages\/2522\/revisions"}],"predecessor-version":[{"id":3160,"href":"https:\/\/www.navores.hr\/en\/wp-json\/wp\/v2\/pages\/2522\/revisions\/3160"}],"wp:featuredmedia":[{"embeddable":true,"href":"https:\/\/www.navores.hr\/en\/wp-json\/wp\/v2\/media\/2445"}],"wp:attachment":[{"href":"https:\/\/www.navores.hr\/en\/wp-json\/wp\/v2\/media?parent=2522"}],"curies":[{"name":"wp","href":"https:\/\/api.w.org\/{rel}","templated":true}]}}